{"id":5313,"date":"2021-05-28T08:36:05","date_gmt":"2021-05-28T06:36:05","guid":{"rendered":"https:\/\/www.rutadelvidobages.cat\/blog\/"},"modified":"2025-11-06T09:39:59","modified_gmt":"2025-11-06T08:39:59","slug":"blog","status":"publish","type":"page","link":"https:\/\/www.rutadelvidobages.cat\/fr\/blog\/","title":{"rendered":"Blog"},"content":{"rendered":"<div class=\"fusion-fullwidth fullwidth-box fusion-builder-row-1 fusion-flex-container nonhundred-percent-fullwidth non-hundred-percent-height-scrolling\" style=\"--awb-border-radius-top-left:0px;--awb-border-radius-top-right:0px;--awb-border-radius-bottom-right:0px;--awb-border-radius-bottom-left:0px;--awb-padding-top:0px;--awb-padding-top-small:20px;--awb-margin-top:-40px;--awb-margin-top-small:0px;--awb-flex-wrap:wrap;\" ><div class=\"fusion-builder-row fusion-row fusion-flex-align-items-flex-start fusion-flex-justify-content-center fusion-flex-content-wrap\" style=\"max-width:1248px;margin-left: calc(-4% \/ 2 );margin-right: calc(-4% \/ 2 );\"><div class=\"fusion-layout-column fusion_builder_column fusion-builder-column-0 fusion-flex-column\" style=\"--awb-bg-size:cover;--awb-width-large:90%;--awb-margin-top-large:0px;--awb-spacing-right-large:2.1333333333333%;--awb-margin-bottom-large:20px;--awb-spacing-left-large:2.1333333333333%;--awb-width-medium:90%;--awb-order-medium:0;--awb-spacing-right-medium:2.1333333333333%;--awb-spacing-left-medium:2.1333333333333%;--awb-width-small:100%;--awb-order-small:0;--awb-spacing-right-small:1.92%;--awb-spacing-left-small:1.92%;\"><div class=\"fusion-column-wrapper fusion-column-has-shadow fusion-flex-justify-content-flex-start fusion-content-layout-column\"><div class=\"fusion-text fusion-text-1\" style=\"--awb-font-size:40px;--awb-text-color:#62225a;--awb-margin-top:0px;--awb-text-font-family:&quot;Playfair Display&quot;;--awb-text-font-style:normal;--awb-text-font-weight:700;\"><h1>Blog<\/h1>\n<\/div><\/div><\/div><\/div><\/div>\n","protected":false},"excerpt":{"rendered":"","protected":false},"author":8,"featured_media":0,"parent":0,"menu_order":35,"comment_status":"closed","ping_status":"closed","template":"","meta":{"_acf_changed":false,"footnotes":""},"class_list":["post-5313","page","type-page","status-publish","hentry"],"acf":[],"yoast_head":"<!-- This site is optimized with the Yoast SEO plugin v27.3 - https:\/\/yoast.com\/product\/yoast-seo-wordpress\/ -->\n<title>Blog - Route du vin AOC Pla de Bages<\/title>\n<meta name=\"description\" content=\"Visitez notre blog et lisez les derni\u00e8res actualit\u00e9s li\u00e9es \u00e0 la Route des Vins du Pla de Bages.\" \/>\n<meta name=\"robots\" content=\"index, follow, max-snippet:-1, max-image-preview:large, max-video-preview:-1\" \/>\n<link rel=\"canonical\" href=\"https:\/\/www.rutadelvidobages.cat\/fr\/blog\/\" \/>\n<meta property=\"og:locale\" content=\"fr_FR\" \/>\n<meta property=\"og:type\" content=\"article\" \/>\n<meta property=\"og:title\" content=\"Blog - Route du vin AOC Pla de Bages\" \/>\n<meta property=\"og:description\" content=\"Visitez notre blog et lisez les derni\u00e8res actualit\u00e9s li\u00e9es \u00e0 la Route des Vins du Pla de Bages.\" \/>\n<meta property=\"og:url\" content=\"https:\/\/www.rutadelvidobages.cat\/fr\/blog\/\" \/>\n<meta property=\"og:site_name\" content=\"Route du vin AOC Pla de Bages\" \/>\n<meta property=\"article:modified_time\" content=\"2025-11-06T08:39:59+00:00\" \/>\n<meta name=\"twitter:card\" content=\"summary_large_image\" \/>\n<meta name=\"twitter:label1\" content=\"Dur\u00e9e de lecture estim\u00e9e\" \/>\n\t<meta name=\"twitter:data1\" content=\"2 minutes\" \/>\n<script type=\"application\/ld+json\" class=\"yoast-schema-graph\">{\"@context\":\"https:\\\/\\\/schema.org\",\"@graph\":[{\"@type\":\"WebPage\",\"@id\":\"https:\\\/\\\/www.rutadelvidobages.cat\\\/fr\\\/blog\\\/\",\"url\":\"https:\\\/\\\/www.rutadelvidobages.cat\\\/fr\\\/blog\\\/\",\"name\":\"Blog - Route du vin AOC Pla de Bages\",\"isPartOf\":{\"@id\":\"https:\\\/\\\/www.rutadelvidobages.cat\\\/fr\\\/#website\"},\"datePublished\":\"2021-05-28T06:36:05+00:00\",\"dateModified\":\"2025-11-06T08:39:59+00:00\",\"description\":\"Visitez notre blog et lisez les derni\u00e8res actualit\u00e9s li\u00e9es \u00e0 la Route des Vins du Pla de Bages.\",\"breadcrumb\":{\"@id\":\"https:\\\/\\\/www.rutadelvidobages.cat\\\/fr\\\/blog\\\/#breadcrumb\"},\"inLanguage\":\"fr-FR\",\"potentialAction\":[{\"@type\":\"ReadAction\",\"target\":[\"https:\\\/\\\/www.rutadelvidobages.cat\\\/fr\\\/blog\\\/\"]}]},{\"@type\":\"BreadcrumbList\",\"@id\":\"https:\\\/\\\/www.rutadelvidobages.cat\\\/fr\\\/blog\\\/#breadcrumb\",\"itemListElement\":[{\"@type\":\"ListItem\",\"position\":1,\"name\":\"Inici\",\"item\":\"https:\\\/\\\/www.rutadelvidobages.cat\\\/fr\\\/\"},{\"@type\":\"ListItem\",\"position\":2,\"name\":\"Blog\"}]},{\"@type\":\"WebSite\",\"@id\":\"https:\\\/\\\/www.rutadelvidobages.cat\\\/fr\\\/#website\",\"url\":\"https:\\\/\\\/www.rutadelvidobages.cat\\\/fr\\\/\",\"name\":\"Route du vin AOC Pla de Bages\",\"description\":\"Tresors a peu de vinya\",\"publisher\":{\"@id\":\"https:\\\/\\\/www.rutadelvidobages.cat\\\/fr\\\/#organization\"},\"potentialAction\":[{\"@type\":\"SearchAction\",\"target\":{\"@type\":\"EntryPoint\",\"urlTemplate\":\"https:\\\/\\\/www.rutadelvidobages.cat\\\/fr\\\/?s={search_term_string}\"},\"query-input\":{\"@type\":\"PropertyValueSpecification\",\"valueRequired\":true,\"valueName\":\"search_term_string\"}}],\"inLanguage\":\"fr-FR\"},{\"@type\":\"Organization\",\"@id\":\"https:\\\/\\\/www.rutadelvidobages.cat\\\/fr\\\/#organization\",\"name\":\"La route du vin de l\u2019AOC Pla de Bages\",\"url\":\"https:\\\/\\\/www.rutadelvidobages.cat\\\/fr\\\/\",\"logo\":{\"@type\":\"ImageObject\",\"inLanguage\":\"fr-FR\",\"@id\":\"https:\\\/\\\/www.rutadelvidobages.cat\\\/fr\\\/#\\\/schema\\\/logo\\\/image\\\/\",\"url\":\"https:\\\/\\\/www.rutadelvidobages.cat\\\/wp-content\\\/uploads\\\/2021\\\/08\\\/Logo_RutaVi_Capsalera120Retina.png\",\"contentUrl\":\"https:\\\/\\\/www.rutadelvidobages.cat\\\/wp-content\\\/uploads\\\/2021\\\/08\\\/Logo_RutaVi_Capsalera120Retina.png\",\"width\":210,\"height\":120,\"caption\":\"La route du vin de l\u2019AOC Pla de Bages\"},\"image\":{\"@id\":\"https:\\\/\\\/www.rutadelvidobages.cat\\\/fr\\\/#\\\/schema\\\/logo\\\/image\\\/\"}}]}<\/script>\n<!-- \/ Yoast SEO plugin. -->","yoast_head_json":{"title":"Blog - Route du vin AOC Pla de Bages","description":"Visitez notre blog et lisez les derni\u00e8res actualit\u00e9s li\u00e9es \u00e0 la Route des Vins du Pla de Bages.","robots":{"index":"index","follow":"follow","max-snippet":"max-snippet:-1","max-image-preview":"max-image-preview:large","max-video-preview":"max-video-preview:-1"},"canonical":"https:\/\/www.rutadelvidobages.cat\/fr\/blog\/","og_locale":"fr_FR","og_type":"article","og_title":"Blog - Route du vin AOC Pla de Bages","og_description":"Visitez notre blog et lisez les derni\u00e8res actualit\u00e9s li\u00e9es \u00e0 la Route des Vins du Pla de Bages.","og_url":"https:\/\/www.rutadelvidobages.cat\/fr\/blog\/","og_site_name":"Route du vin AOC Pla de Bages","article_modified_time":"2025-11-06T08:39:59+00:00","twitter_card":"summary_large_image","twitter_misc":{"Dur\u00e9e de lecture estim\u00e9e":"2 minutes"},"schema":{"@context":"https:\/\/schema.org","@graph":[{"@type":"WebPage","@id":"https:\/\/www.rutadelvidobages.cat\/fr\/blog\/","url":"https:\/\/www.rutadelvidobages.cat\/fr\/blog\/","name":"Blog - Route du vin AOC Pla de Bages","isPartOf":{"@id":"https:\/\/www.rutadelvidobages.cat\/fr\/#website"},"datePublished":"2021-05-28T06:36:05+00:00","dateModified":"2025-11-06T08:39:59+00:00","description":"Visitez notre blog et lisez les derni\u00e8res actualit\u00e9s li\u00e9es \u00e0 la Route des Vins du Pla de Bages.","breadcrumb":{"@id":"https:\/\/www.rutadelvidobages.cat\/fr\/blog\/#breadcrumb"},"inLanguage":"fr-FR","potentialAction":[{"@type":"ReadAction","target":["https:\/\/www.rutadelvidobages.cat\/fr\/blog\/"]}]},{"@type":"BreadcrumbList","@id":"https:\/\/www.rutadelvidobages.cat\/fr\/blog\/#breadcrumb","itemListElement":[{"@type":"ListItem","position":1,"name":"Inici","item":"https:\/\/www.rutadelvidobages.cat\/fr\/"},{"@type":"ListItem","position":2,"name":"Blog"}]},{"@type":"WebSite","@id":"https:\/\/www.rutadelvidobages.cat\/fr\/#website","url":"https:\/\/www.rutadelvidobages.cat\/fr\/","name":"Route du vin AOC Pla de Bages","description":"Tresors a peu de vinya","publisher":{"@id":"https:\/\/www.rutadelvidobages.cat\/fr\/#organization"},"potentialAction":[{"@type":"SearchAction","target":{"@type":"EntryPoint","urlTemplate":"https:\/\/www.rutadelvidobages.cat\/fr\/?s={search_term_string}"},"query-input":{"@type":"PropertyValueSpecification","valueRequired":true,"valueName":"search_term_string"}}],"inLanguage":"fr-FR"},{"@type":"Organization","@id":"https:\/\/www.rutadelvidobages.cat\/fr\/#organization","name":"La route du vin de l\u2019AOC Pla de Bages","url":"https:\/\/www.rutadelvidobages.cat\/fr\/","logo":{"@type":"ImageObject","inLanguage":"fr-FR","@id":"https:\/\/www.rutadelvidobages.cat\/fr\/#\/schema\/logo\/image\/","url":"https:\/\/www.rutadelvidobages.cat\/wp-content\/uploads\/2021\/08\/Logo_RutaVi_Capsalera120Retina.png","contentUrl":"https:\/\/www.rutadelvidobages.cat\/wp-content\/uploads\/2021\/08\/Logo_RutaVi_Capsalera120Retina.png","width":210,"height":120,"caption":"La route du vin de l\u2019AOC Pla de Bages"},"image":{"@id":"https:\/\/www.rutadelvidobages.cat\/fr\/#\/schema\/logo\/image\/"}}]}},"_links":{"self":[{"href":"https:\/\/www.rutadelvidobages.cat\/fr\/wp-json\/wp\/v2\/pages\/5313","targetHints":{"allow":["GET"]}}],"collection":[{"href":"https:\/\/www.rutadelvidobages.cat\/fr\/wp-json\/wp\/v2\/pages"}],"about":[{"href":"https:\/\/www.rutadelvidobages.cat\/fr\/wp-json\/wp\/v2\/types\/page"}],"author":[{"embeddable":true,"href":"https:\/\/www.rutadelvidobages.cat\/fr\/wp-json\/wp\/v2\/users\/8"}],"replies":[{"embeddable":true,"href":"https:\/\/www.rutadelvidobages.cat\/fr\/wp-json\/wp\/v2\/comments?post=5313"}],"version-history":[{"count":0,"href":"https:\/\/www.rutadelvidobages.cat\/fr\/wp-json\/wp\/v2\/pages\/5313\/revisions"}],"wp:attachment":[{"href":"https:\/\/www.rutadelvidobages.cat\/fr\/wp-json\/wp\/v2\/media?parent=5313"}],"curies":[{"name":"wp","href":"https:\/\/api.w.org\/{rel}","templated":true}]}}